{"id":404,"date":"2023-06-19T17:37:53","date_gmt":"2023-06-19T15:37:53","guid":{"rendered":"https:\/\/mjb-designstudio.com\/?page_id=404"},"modified":"2023-06-19T17:49:18","modified_gmt":"2023-06-19T15:49:18","slug":"studio-2","status":"publish","type":"page","link":"https:\/\/aubendesign.com\/index.php\/studio-2\/","title":{"rendered":"STUDIO"},"content":{"rendered":"\t\t<div data-elementor-type=\"wp-page\" data-elementor-id=\"404\" class=\"elementor elementor-404\">\n\t\t\t\t\t\t<section class=\"elementor-section elementor-top-section elementor-element elementor-element-4a10607 elementor-section-boxed elementor-section-height-default elementor-section-height-default\" data-id=\"4a10607\" data-element_type=\"section\">\n\t\t\t\t\t\t<div class=\"elementor-container elementor-column-gap-default\">\n\t\t\t\t\t<div class=\"elementor-column elementor-col-100 elementor-top-column elementor-element elementor-element-af9e7bd\" data-id=\"af9e7bd\" data-element_type=\"column\">\n\t\t\t<div class=\"elementor-widget-wrap elementor-element-populated\">\n\t\t\t\t\t\t<div class=\"elementor-element elementor-element-767249c animated-slow elementor-invisible elementor-widget elementor-widget-text-editor\" data-id=\"767249c\" data-element_type=\"widget\" data-settings=\"{&quot;_animation&quot;:&quot;fadeInLeft&quot;}\" data-widget_type=\"text-editor.default\">\n\t\t\t\t<div class=\"elementor-widget-container\">\n\t\t\t\t\t\t\t\t\t<p>Dipl\u00f4m\u00e9e de l&rsquo;\u00e9cole Boulle\u00a0<span style=\"color: var( --e-global-color-text ); font-family: var( --e-global-typography-text-font-family ), Sans-serif; font-weight: var( --e-global-typography-text-font-weight );\">en 2015<\/span><span style=\"color: var( --e-global-color-text ); font-family: var( --e-global-typography-text-font-family ), Sans-serif; font-weight: var( --e-global-typography-text-font-weight );\">\u00a0&#8211; \u00e9cole sup\u00e9rieur des arts appliqu\u00e9s &#8211; c&rsquo;est en 2020 que <em>Margaux Benaych<\/em> cr\u00e9er son studio de design d&rsquo;int\u00e9rieur, \u00e9v\u00e9nementiel &amp; graphisme \u00ab\u00a0<strong>MJB DESIGN STUDIO<\/strong>\u00ab\u00a0.<\/span><\/p><p><span style=\"color: var( --e-global-color-text ); font-family: var( --e-global-typography-text-font-family ), Sans-serif; font-weight: var( --e-global-typography-text-font-weight );\">Le studio vous accompagne dans vos projets de r\u00e9novation et de construction, dans toutes les \u00e9tapes de conception d&rsquo;espaces int\u00e9rieurs et ext\u00e9rieurs, am\u00e9nagement, d\u00e9coration et conception de mobilier sur mesure, en s&rsquo;adaptant au mieux \u00e0 votre budget et en r\u00e9v\u00e9lant tout le potentiel de vos int\u00e9rieurs.<\/span><\/p><p>Le <em>leitmotiv<\/em> du studio est de rester attentif \u00e0 votre demande pour concevoir des espaces harmonieux et confortable ;<br \/>cela passe par des \u00e9tudes de cas et des relev\u00e9s m\u00e9tr\u00e9s, par la r\u00e9allisation de plan 2D et d&rsquo;images 3D, la recherche de mobilier, de fournisseurs et des id\u00e9es de d\u00e9coration.<\/p><p>Nous intervenons pour les particuliers et professionnels \u00e0 Paris et en proche banlieue.<br \/>Pour toute autre information n&rsquo;h\u00e9sitez pas \u00e0 nous contactez via le formulaire !<\/p><p>\u00a0<\/p>\t\t\t\t\t\t\t\t<\/div>\n\t\t\t\t<\/div>\n\t\t\t\t\t<\/div>\n\t\t<\/div>\n\t\t\t\t\t<\/div>\n\t\t<\/section>\n\t\t\t\t<\/div>\n\t\t","protected":false},"excerpt":{"rendered":"<p>Dipl\u00f4m\u00e9e de l&rsquo;\u00e9cole Boulle\u00a0en 2015\u00a0&#8211; \u00e9cole sup\u00e9rieur des arts appliqu\u00e9s &#8211; c&rsquo;est en 2020 que Margaux Benaych cr\u00e9er son studio de design d&rsquo;int\u00e9rieur, \u00e9v\u00e9nementiel &amp; &hellip; <\/p>\n","protected":false},"author":1,"featured_media":0,"parent":0,"menu_order":0,"comment_status":"closed","ping_status":"closed","template":"","meta":{"footnotes":""},"class_list":["post-404","page","type-page","status-publish","hentry"],"_links":{"self":[{"href":"https:\/\/aubendesign.com\/index.php\/wp-json\/wp\/v2\/pages\/404","targetHints":{"allow":["GET"]}}],"collection":[{"href":"https:\/\/aubendesign.com\/index.php\/wp-json\/wp\/v2\/pages"}],"about":[{"href":"https:\/\/aubendesign.com\/index.php\/wp-json\/wp\/v2\/types\/page"}],"author":[{"embeddable":true,"href":"https:\/\/aubendesign.com\/index.php\/wp-json\/wp\/v2\/users\/1"}],"replies":[{"embeddable":true,"href":"https:\/\/aubendesign.com\/index.php\/wp-json\/wp\/v2\/comments?post=404"}],"version-history":[{"count":10,"href":"https:\/\/aubendesign.com\/index.php\/wp-json\/wp\/v2\/pages\/404\/revisions"}],"predecessor-version":[{"id":418,"href":"https:\/\/aubendesign.com\/index.php\/wp-json\/wp\/v2\/pages\/404\/revisions\/418"}],"wp:attachment":[{"href":"https:\/\/aubendesign.com\/index.php\/wp-json\/wp\/v2\/media?parent=404"}],"curies":[{"name":"wp","href":"https:\/\/api.w.org\/{rel}","templated":true}]}}